{"id":3,"date":"2025-10-07T19:46:33","date_gmt":"2025-10-07T19:46:33","guid":{"rendered":"https:\/\/marketingclinic.pt\/?page_id=3"},"modified":"2026-01-05T12:27:32","modified_gmt":"2026-01-05T12:27:32","slug":"privacy-policy","status":"publish","type":"page","link":"https:\/\/marketingclinic.pt\/?page_id=3","title":{"rendered":"Privacy Policy"},"content":{"rendered":"\t\t<div data-elementor-type=\"wp-page\" data-elementor-id=\"3\" class=\"elementor elementor-3\">\n\t\t\t\t<div class=\"elementor-element elementor-element-632c1891 e-flex e-con-boxed wpr-particle-no wpr-jarallax-no wpr-parallax-no wpr-sticky-section-no e-con e-parent\" data-id=\"632c1891\" data-element_type=\"container\">\n\t\t\t\t\t<div class=\"e-con-inner\">\n\t\t\t\t<div class=\"elementor-element elementor-element-1d9be4e0 elementor-widget elementor-widget-text-editor\" data-id=\"1d9be4e0\" data-element_type=\"widget\" data-widget_type=\"text-editor.default\">\n\t\t\t\t\t\t\t\t\t\n<p data-start=\"0\" data-end=\"14\"><strong data-start=\"0\" data-end=\"14\">Quem somos<\/strong><\/p>\n<p data-start=\"16\" data-end=\"70\">O endere\u00e7o do nosso site \u00e9 <a class=\"decorated-link\" href=\"https:\/\/marketingclinic.pt\" target=\"_new\" rel=\"noopener\" data-start=\"43\" data-end=\"69\">https:\/\/marketingclinic.pt<\/a>.<\/p>\n<p data-start=\"72\" data-end=\"87\"><strong data-start=\"72\" data-end=\"87\">Coment\u00e1rios<\/strong><\/p>\n<p data-start=\"89\" data-end=\"317\">Quando os visitantes deixam coment\u00e1rios no site, recolhemos os dados apresentados no formul\u00e1rio de coment\u00e1rios, bem como o endere\u00e7o IP do visitante e a cadeia do agente do utilizador do navegador, para ajudar na dete\u00e7\u00e3o de spam.<\/p>\n<p data-start=\"319\" data-end=\"705\">Uma cadeia anonimizada criada a partir do seu endere\u00e7o de email, tamb\u00e9m chamada de hash, pode ser fornecida ao servi\u00e7o Gravatar para verificar se o est\u00e1 a utilizar. A pol\u00edtica de privacidade do servi\u00e7o Gravatar est\u00e1 dispon\u00edvel aqui <a class=\"decorated-link\" href=\"https:\/\/automattic.com\/privacy\/\" target=\"_new\" rel=\"noopener\" data-start=\"551\" data-end=\"582\">https:\/\/automattic.com\/privacy\/<\/a>. Ap\u00f3s a aprova\u00e7\u00e3o do seu coment\u00e1rio, a sua fotografia de perfil fica vis\u00edvel para o p\u00fablico no contexto do seu coment\u00e1rio.<\/p>\n<p data-start=\"707\" data-end=\"721\"><strong data-start=\"707\" data-end=\"721\">Multim\u00e9dia<\/strong><\/p>\n<p data-start=\"723\" data-end=\"946\">Se carregar imagens para o site, deve evitar carregar imagens com dados de localiza\u00e7\u00e3o incorporados, EXIF GPS. Os visitantes do site podem descarregar e extrair quaisquer dados de localiza\u00e7\u00e3o das imagens existentes no site.<\/p>\n<p data-start=\"948\" data-end=\"959\"><strong data-start=\"948\" data-end=\"959\">Cookies<\/strong><\/p>\n<p data-start=\"961\" data-end=\"1235\">Se deixar um coment\u00e1rio no nosso site, pode optar por guardar o seu nome, endere\u00e7o de email e site nos cookies. Estes servem para sua conveni\u00eancia, para que n\u00e3o tenha de preencher novamente os seus dados quando deixar outro coment\u00e1rio. Estes cookies t\u00eam a dura\u00e7\u00e3o de um ano.<\/p>\n<p data-start=\"1237\" data-end=\"1436\">Se visitar a nossa p\u00e1gina de login, ser\u00e1 definido um cookie tempor\u00e1rio para determinar se o seu navegador aceita cookies. Este cookie n\u00e3o cont\u00e9m dados pessoais e \u00e9 eliminado quando fecha o navegador.<\/p>\n<p data-start=\"1438\" data-end=\"1818\">Quando inicia sess\u00e3o, tamb\u00e9m configuramos v\u00e1rios cookies para guardar as suas informa\u00e7\u00f5es de login e as suas prefer\u00eancias de visualiza\u00e7\u00e3o do ecr\u00e3. Os cookies de login duram dois dias e os cookies de op\u00e7\u00f5es de ecr\u00e3 duram um ano. Se selecionar a op\u00e7\u00e3o Lembrar me, o seu login ser\u00e1 mantido durante duas semanas. Se terminar a sess\u00e3o da sua conta, os cookies de login ser\u00e3o removidos.<\/p>\n<p data-start=\"1820\" data-end=\"2020\">Se editar ou publicar um artigo, ser\u00e1 guardado um cookie adicional no seu navegador. Este cookie n\u00e3o inclui dados pessoais e apenas indica o ID do artigo que acabou de editar. Expira ao fim de um dia.<\/p>\n<p data-start=\"2022\" data-end=\"2064\"><strong data-start=\"2022\" data-end=\"2064\">Conte\u00fados incorporados de outros sites<\/strong><\/p>\n<p data-start=\"2066\" data-end=\"2286\">Os artigos neste site podem incluir conte\u00fados incorporados, como v\u00eddeos, imagens ou artigos. O conte\u00fado incorporado de outros sites comporta se exatamente da mesma forma como se o visitante tivesse visitado o outro site.<\/p>\n<p data-start=\"2288\" data-end=\"2552\">Estes sites podem recolher dados sobre si, utilizar cookies, incorporar rastreio adicional de terceiros e monitorizar a sua intera\u00e7\u00e3o com esse conte\u00fado incorporado, incluindo o rastreio da sua intera\u00e7\u00e3o caso tenha uma conta e esteja com sess\u00e3o iniciada nesse site.<\/p>\n<p data-start=\"2554\" data-end=\"2592\"><strong data-start=\"2554\" data-end=\"2592\">Com quem partilhamos os seus dados<\/strong><\/p>\n<p data-start=\"2594\" data-end=\"2695\">Se solicitar a redefini\u00e7\u00e3o da palavra passe, o seu endere\u00e7o IP ser\u00e1 inclu\u00eddo no email de redefini\u00e7\u00e3o.<\/p>\n<p data-start=\"2697\" data-end=\"2747\"><strong data-start=\"2697\" data-end=\"2747\">Durante quanto tempo conservamos os seus dados<\/strong><\/p>\n<p data-start=\"2749\" data-end=\"2976\">Se deixar um coment\u00e1rio, o coment\u00e1rio e os respetivos metadados s\u00e3o conservados indefinidamente. Isto permite reconhecer e aprovar automaticamente quaisquer coment\u00e1rios de seguimento, em vez de os manter numa fila de modera\u00e7\u00e3o.<\/p>\n<p data-start=\"2978\" data-end=\"3324\">Para os utilizadores que se registem no nosso site, caso existam, tamb\u00e9m armazenamos as informa\u00e7\u00f5es pessoais fornecidas no perfil de utilizador. Todos os utilizadores podem ver, editar ou eliminar as suas informa\u00e7\u00f5es pessoais a qualquer momento, exceto o nome de utilizador. Os administradores do site tamb\u00e9m podem ver e editar essas informa\u00e7\u00f5es.<\/p>\n<p data-start=\"3326\" data-end=\"3366\"><strong data-start=\"3326\" data-end=\"3366\">Que direitos tem sobre os seus dados<\/strong><\/p>\n<p data-start=\"3368\" data-end=\"3767\">Se tiver uma conta neste site ou se tiver deixado coment\u00e1rios, pode solicitar um ficheiro exportado com os dados pessoais que mantemos sobre si, incluindo quaisquer dados que nos tenha fornecido. Pode tamb\u00e9m solicitar que eliminemos quaisquer dados pessoais que mantemos sobre si. Isto n\u00e3o inclui quaisquer dados que sejamos obrigados a conservar por motivos administrativos, legais ou de seguran\u00e7a.<\/p>\n<p data-start=\"3769\" data-end=\"3809\"><strong data-start=\"3769\" data-end=\"3809\">Para onde s\u00e3o enviados os seus dados<\/strong><\/p>\n<p data-start=\"3811\" data-end=\"3915\" data-is-last-node=\"\" data-is-only-node=\"\">Os coment\u00e1rios dos visitantes podem ser verificados atrav\u00e9s de um servi\u00e7o autom\u00e1tico de dete\u00e7\u00e3o de spam.<\/p>\t\t\t\t\t\t\t\t<\/div>\n\t\t\t\t\t<\/div>\n\t\t\t\t<\/div>\n\t\t\t\t<\/div>\n\t\t","protected":false},"excerpt":{"rendered":"<p>Quem somos O endere\u00e7o do nosso site \u00e9 https:\/\/marketingclinic.pt. Coment\u00e1rios Quando os visitantes deixam coment\u00e1rios no site, recolhemos os dados apresentados no formul\u00e1rio de coment\u00e1rios, bem como o endere\u00e7o IP do visitante e a cadeia do agente do utilizador do navegador, para ajudar na dete\u00e7\u00e3o de spam. Uma cadeia anonimizada criada a partir do seu endere\u00e7o de email, tamb\u00e9m chamada de hash, pode ser fornecida ao servi\u00e7o Gravatar para verificar se o est\u00e1 a utilizar. A pol\u00edtica de privacidade do servi\u00e7o Gravatar est\u00e1 dispon\u00edvel aqui https:\/\/automattic.com\/privacy\/. Ap\u00f3s a aprova\u00e7\u00e3o do seu coment\u00e1rio, a sua fotografia de perfil fica vis\u00edvel para o p\u00fablico no contexto do seu coment\u00e1rio. Multim\u00e9dia Se carregar imagens para o site, deve evitar carregar imagens com dados de localiza\u00e7\u00e3o incorporados, EXIF GPS. Os visitantes do site podem descarregar e extrair quaisquer dados de localiza\u00e7\u00e3o das imagens existentes no site. Cookies Se deixar um coment\u00e1rio no nosso site, pode optar por guardar o seu nome, endere\u00e7o de email e site nos cookies. Estes servem para sua conveni\u00eancia, para que n\u00e3o tenha de preencher novamente os seus dados quando deixar outro coment\u00e1rio. Estes cookies t\u00eam a dura\u00e7\u00e3o de um ano. Se visitar a nossa p\u00e1gina de login, ser\u00e1 definido um cookie tempor\u00e1rio para determinar se o seu navegador aceita cookies. Este cookie n\u00e3o cont\u00e9m dados pessoais e \u00e9 eliminado quando fecha o navegador. Quando inicia sess\u00e3o, tamb\u00e9m configuramos v\u00e1rios cookies para guardar as suas informa\u00e7\u00f5es de login e as suas prefer\u00eancias de visualiza\u00e7\u00e3o do ecr\u00e3. Os cookies de login duram dois dias e os cookies de op\u00e7\u00f5es de ecr\u00e3 duram um ano. Se selecionar a op\u00e7\u00e3o Lembrar me, o seu login ser\u00e1 mantido durante duas semanas. Se terminar a sess\u00e3o da sua conta, os cookies de login ser\u00e3o removidos. Se editar ou publicar um artigo, ser\u00e1 guardado um cookie adicional no seu navegador. Este cookie n\u00e3o inclui dados pessoais e apenas indica o ID do artigo que acabou de editar. Expira ao fim de um dia. Conte\u00fados incorporados de outros sites Os artigos neste site podem incluir conte\u00fados incorporados, como v\u00eddeos, imagens ou artigos. O conte\u00fado incorporado de outros sites comporta se exatamente da mesma forma como se o visitante tivesse visitado o outro site. Estes sites podem recolher dados sobre si, utilizar cookies, incorporar rastreio adicional de terceiros e monitorizar a sua intera\u00e7\u00e3o com esse conte\u00fado incorporado, incluindo o rastreio da sua intera\u00e7\u00e3o caso tenha uma conta e esteja com sess\u00e3o iniciada nesse site. Com quem partilhamos os seus dados Se solicitar a redefini\u00e7\u00e3o da palavra passe, o seu endere\u00e7o IP ser\u00e1 inclu\u00eddo no email de redefini\u00e7\u00e3o. Durante quanto tempo conservamos os seus dados Se deixar um coment\u00e1rio, o coment\u00e1rio e os respetivos metadados s\u00e3o conservados indefinidamente. Isto permite reconhecer e aprovar automaticamente quaisquer coment\u00e1rios de seguimento, em vez de os manter numa fila de modera\u00e7\u00e3o. Para os utilizadores que se registem no nosso site, caso existam, tamb\u00e9m armazenamos as informa\u00e7\u00f5es pessoais fornecidas no perfil de utilizador. Todos os utilizadores podem ver, editar ou eliminar as suas informa\u00e7\u00f5es pessoais a qualquer momento, exceto o nome de utilizador. Os administradores do site tamb\u00e9m podem ver e editar essas informa\u00e7\u00f5es. Que direitos tem sobre os seus dados Se tiver uma conta neste site ou se tiver deixado coment\u00e1rios, pode solicitar um ficheiro exportado com os dados pessoais que mantemos sobre si, incluindo quaisquer dados que nos tenha fornecido. Pode tamb\u00e9m solicitar que eliminemos quaisquer dados pessoais que mantemos sobre si. Isto n\u00e3o inclui quaisquer dados que sejamos obrigados a conservar por motivos administrativos, legais ou de seguran\u00e7a. Para onde s\u00e3o enviados os seus dados Os coment\u00e1rios dos visitantes podem ser verificados atrav\u00e9s de um servi\u00e7o autom\u00e1tico de dete\u00e7\u00e3o de spam.<\/p>\n","protected":false},"author":1,"featured_media":0,"parent":0,"menu_order":0,"comment_status":"closed","ping_status":"open","template":"","meta":{"footnotes":""},"class_list":["post-3","page","type-page","status-publish","hentry"],"_links":{"self":[{"href":"https:\/\/marketingclinic.pt\/index.php?rest_route=\/wp\/v2\/pages\/3","targetHints":{"allow":["GET"]}}],"collection":[{"href":"https:\/\/marketingclinic.pt\/index.php?rest_route=\/wp\/v2\/pages"}],"about":[{"href":"https:\/\/marketingclinic.pt\/index.php?rest_route=\/wp\/v2\/types\/page"}],"author":[{"embeddable":true,"href":"https:\/\/marketingclinic.pt\/index.php?rest_route=\/wp\/v2\/users\/1"}],"replies":[{"embeddable":true,"href":"https:\/\/marketingclinic.pt\/index.php?rest_route=%2Fwp%2Fv2%2Fcomments&post=3"}],"version-history":[{"count":6,"href":"https:\/\/marketingclinic.pt\/index.php?rest_route=\/wp\/v2\/pages\/3\/revisions"}],"predecessor-version":[{"id":2111,"href":"https:\/\/marketingclinic.pt\/index.php?rest_route=\/wp\/v2\/pages\/3\/revisions\/2111"}],"wp:attachment":[{"href":"https:\/\/marketingclinic.pt\/index.php?rest_route=%2Fwp%2Fv2%2Fmedia&parent=3"}],"curies":[{"name":"wp","href":"https:\/\/api.w.org\/{rel}","templated":true}]}}